{"id":11,"date":"2024-04-07T17:39:45","date_gmt":"2024-04-07T17:39:45","guid":{"rendered":"https:\/\/fotofest.blickwinkel-magazin.de\/?page_id=11"},"modified":"2025-05-25T19:27:49","modified_gmt":"2025-05-25T19:27:49","slug":"11-2","status":"publish","type":"page","link":"https:\/\/fotofest.blickwinkel-magazin.de\/","title":{"rendered":""},"content":{"rendered":"\n<figure class=\"wp-block-image alignfull size-full\"><img loading=\"lazy\" decoding=\"async\" width=\"2400\" height=\"402\" src=\"https:\/\/fotofest.blickwinkel-magazin.de\/wp-content\/uploads\/2024\/04\/Blickwinkel_Header04_02-Website.jpg\" alt=\"\" class=\"wp-image-12\" srcset=\"https:\/\/fotofest.blickwinkel-magazin.de\/wp-content\/uploads\/2024\/04\/Blickwinkel_Header04_02-Website.jpg 2400w, https:\/\/fotofest.blickwinkel-magazin.de\/wp-content\/uploads\/2024\/04\/Blickwinkel_Header04_02-Website-300x50.jpg 300w, https:\/\/fotofest.blickwinkel-magazin.de\/wp-content\/uploads\/2024\/04\/Blickwinkel_Header04_02-Website-1024x172.jpg 1024w, https:\/\/fotofest.blickwinkel-magazin.de\/wp-content\/uploads\/2024\/04\/Blickwinkel_Header04_02-Website-768x129.jpg 768w, https:\/\/fotofest.blickwinkel-magazin.de\/wp-content\/uploads\/2024\/04\/Blickwinkel_Header04_02-Website-1536x257.jpg 1536w, https:\/\/fotofest.blickwinkel-magazin.de\/wp-content\/uploads\/2024\/04\/Blickwinkel_Header04_02-Website-2048x343.jpg 2048w, https:\/\/fotofest.blickwinkel-magazin.de\/wp-content\/uploads\/2024\/04\/Blickwinkel_Header04_02-Website-1568x263.jpg 1568w\" sizes=\"auto, (max-width: 2400px) 100vw, 2400px\" \/><\/figure>\n\n\n\n<div style=\"height:100px\" aria-hidden=\"true\" class=\"wp-block-spacer\"><\/div>\n\n\n\n<div class=\"wp-block-cover alignfull is-light has-black-color has-text-color\" style=\"margin-top:0;padding-top:48px;padding-right:48px;padding-bottom:48px;padding-left:48px;min-height:66vh;aspect-ratio:unset;\"><img loading=\"lazy\" decoding=\"async\" width=\"2560\" height=\"2048\" class=\"wp-block-cover__image-background wp-image-36\" alt=\"\" src=\"https:\/\/fotofest.blickwinkel-magazin.de\/wp-content\/uploads\/2024\/04\/hg-verlauf-blickwinkel-3000px-661502c6035ea-scaled.webp\" data-object-fit=\"cover\" srcset=\"https:\/\/fotofest.blickwinkel-magazin.de\/wp-content\/uploads\/2024\/04\/hg-verlauf-blickwinkel-3000px-661502c6035ea-scaled.webp 2560w, https:\/\/fotofest.blickwinkel-magazin.de\/wp-content\/uploads\/2024\/04\/hg-verlauf-blickwinkel-3000px-661502c6035ea-300x240.webp 300w, https:\/\/fotofest.blickwinkel-magazin.de\/wp-content\/uploads\/2024\/04\/hg-verlauf-blickwinkel-3000px-661502c6035ea-1024x819.webp 1024w, https:\/\/fotofest.blickwinkel-magazin.de\/wp-content\/uploads\/2024\/04\/hg-verlauf-blickwinkel-3000px-661502c6035ea-768x614.webp 768w, https:\/\/fotofest.blickwinkel-magazin.de\/wp-content\/uploads\/2024\/04\/hg-verlauf-blickwinkel-3000px-661502c6035ea-1536x1229.webp 1536w, https:\/\/fotofest.blickwinkel-magazin.de\/wp-content\/uploads\/2024\/04\/hg-verlauf-blickwinkel-3000px-661502c6035ea-2048x1638.webp 2048w, https:\/\/fotofest.blickwinkel-magazin.de\/wp-content\/uploads\/2024\/04\/hg-verlauf-blickwinkel-3000px-661502c6035ea-1568x1254.webp 1568w\" sizes=\"auto, (max-width: 2560px) 100vw, 2560px\" \/><span aria-hidden=\"true\" class=\"wp-block-cover__background has-background-background-color has-background-dim-0 has-background-dim\"><\/span><div class=\"wp-block-cover__inner-container is-layout-flow wp-block-cover-is-layout-flow\">\n<h6 class=\"wp-block-heading\"><strong>Wir bringen unser zweites Blickwinkel Foto Fest an den Start und laden euch herzlich ein!<\/strong><\/h6>\n\n\n\n<div style=\"height:50px\" aria-hidden=\"true\" class=\"wp-block-spacer\"><\/div>\n\n\n\n<div class=\"wp-block-group\"><div class=\"wp-block-group__inner-container is-layout-constrained wp-container-core-group-is-layout-4b07d187 wp-block-group-is-layout-constrained\">\n<p class=\"has-text-align-center has-black-color has-text-color\" style=\"font-size:83px;font-style:normal;font-weight:700;letter-spacing:-2px;line-height:0.9;text-transform:uppercase\">Blickwinkel<\/p>\n\n\n\n<p class=\"has-text-align-center has-black-color has-text-color\" style=\"font-size:148px;font-style:normal;font-weight:700;letter-spacing:-2px;line-height:0.9;text-transform:uppercase\">Foto fest<\/p>\n\n\n\n<p class=\"has-text-align-right has-black-color has-text-color\" style=\"font-size:50px;font-style:normal;font-weight:700;letter-spacing:-2px;line-height:0.9;text-transform:uppercase\">null zwei<\/p>\n\n\n\n<p class=\"has-text-align-left has-background-color has-text-color\" style=\"font-size:140px;font-style:italic;font-weight:200;letter-spacing:0px;line-height:0.9;text-transform:uppercase\">07. + 08.<\/p>\n\n\n\n<p class=\"has-text-align-right has-background-color has-text-color\" style=\"font-size:140px;font-style:italic;font-weight:200;letter-spacing:0px;line-height:0.9;text-transform:uppercase\">Juni 2025<\/p>\n<\/div><\/div>\n\n\n\n<div style=\"height:25px\" aria-hidden=\"true\" class=\"wp-block-spacer\"><\/div>\n\n\n\n<p class=\"has-text-align-center has-large-font-size\"><strong>Galerie 0 in der K\u00f6lner S\u00fcdstadt (Mainzer Str. 37)<\/strong><\/p>\n\n\n\n<div class=\"wp-block-columns is-layout-flex wp-container-core-columns-is-layout-9d6595d7 wp-block-columns-is-layout-flex\">\n<div class=\"wp-block-column is-layout-flow wp-block-column-is-layout-flow\">\n<p class=\"has-text-align-center\">Im Rahmen der<\/p>\n<\/div>\n\n\n\n<div class=\"wp-block-column is-layout-flow wp-block-column-is-layout-flow\"><div class=\"wp-block-image\">\n<figure class=\"alignleft size-full is-resized\"><img loading=\"lazy\" decoding=\"async\" width=\"355\" height=\"237\" src=\"https:\/\/fotofest.blickwinkel-magazin.de\/wp-content\/uploads\/2025\/05\/IPKF_Logo_wdap_black.png\" alt=\"\" class=\"wp-image-105\" style=\"width:200px\" srcset=\"https:\/\/fotofest.blickwinkel-magazin.de\/wp-content\/uploads\/2025\/05\/IPKF_Logo_wdap_black.png 355w, https:\/\/fotofest.blickwinkel-magazin.de\/wp-content\/uploads\/2025\/05\/IPKF_Logo_wdap_black-300x200.png 300w\" sizes=\"auto, (max-width: 355px) 100vw, 355px\" \/><\/figure>\n<\/div><\/div>\n<\/div>\n\n\n\n<div style=\"height:25px\" aria-hidden=\"true\" class=\"wp-block-spacer\"><\/div>\n<\/div><\/div>\n\n\n\n<div class=\"wp-block-group alignfull has-background\" style=\"background-color:#f5eac1;padding-top:6vw;padding-right:6vw;padding-bottom:6vw;padding-left:6vw\"><div class=\"wp-block-group__inner-container is-layout-flow wp-block-group-is-layout-flow\">\n<div class=\"wp-block-group is-vertical is-nowrap is-layout-flex wp-container-core-group-is-layout-287ef9cb wp-block-group-is-layout-flex\" style=\"padding-right:0;padding-left:0\">\n<p class=\"has-text-color\" style=\"color:#000000;font-size:4vw;font-style:normal;font-weight:700;letter-spacing:0px;line-height:0.9;text-decoration:none;text-transform:none\">Rein ins echte Foto-Leben.<\/p>\n<\/div>\n\n\n\n<div style=\"height:1vw\" aria-hidden=\"true\" class=\"wp-block-spacer\"><\/div>\n\n\n\n<div class=\"wp-block-group alignwide is-vertical is-nowrap is-layout-flex wp-container-core-group-is-layout-8171334d wp-block-group-is-layout-flex\" style=\"padding-top:0;padding-right:0;padding-bottom:0;padding-left:0\">\n<div class=\"wp-block-columns alignwide is-layout-flex wp-container-core-columns-is-layout-2656d967 wp-block-columns-is-layout-flex\">\n<div class=\"wp-block-column is-layout-flow wp-block-column-is-layout-flow\" style=\"flex-basis:100%\">\n<p>Weil Fotos live angucken, f\u00fchlen, und sich mit den Menschen dahinter treffen, einfach sch\u00f6ner ist als nur digital.<br>Egal ob ihr selbst fotografiert, einfach Lust auf Kultur habt oder mal was neues sehen m\u00f6chtet: Kommt vorbei und verbringt ein bisschen Zeit mit der Kunst. Unser kleines, feines Foto Fest h\u00e4lt ausgew\u00e4hlte Programmpunkte f\u00fcr euch bereit, l\u00e4uft ohne feste Foto-Themen und soll einfach eine Plattform zum Austausch, Quatschen und nat\u00fcrlich zum Fotografieren bieten.<\/p>\n<\/div>\n<\/div>\n\n\n\n<div class=\"wp-block-columns alignwide is-layout-flex wp-container-core-columns-is-layout-724a882f wp-block-columns-is-layout-flex\">\n<div class=\"wp-block-column is-vertically-aligned-top is-layout-flow wp-block-column-is-layout-flow\" style=\"flex-basis:100%\">\n<p class=\"has-text-align-left\"><strong>Was erwartet euch auf dem Blickwinkel Foto Fest?<\/strong><\/p>\n\n\n\n<p><strong>Samstag<\/strong>: 14:00 &#8211; 21:00 Uhr<\/p>\n\n\n\n<ul class=\"wp-block-list\">\n<li>Foto-Ausstellung mit Werken von 15 verschiedenen K\u00fcnstler:innen<\/li>\n\n\n\n<li>14:30 &#8211; 16:30 Uhr: Fotowalk<\/li>\n\n\n\n<li>17:00 Uhr: Livemusik mit Capti Rando &amp; Bella Schatz<\/li>\n\n\n\n<li>18:30 Uhr: Open Gallery<\/li>\n<\/ul>\n\n\n\n<p><strong>Sonntag<\/strong> 12:00 &#8211; 18:00 Uhr<\/p>\n\n\n\n<ul class=\"wp-block-list\">\n<li>Foto-Ausstellung mit Werken von 15 verschiedenen K\u00fcnstler:innen<\/li>\n\n\n\n<li>12:30 &#8211; 14:30 Uhr: Fotowalk<\/li>\n\n\n\n<li>16:00 Uhr: <a href=\"https:\/\/fotofest.blickwinkel-magazin.de\/?page_id=121\">Charity Foto Auktion<\/a> zugunsten von <strong><a href=\"https:\/\/www.artmeetseducation.de\" target=\"_blank\" rel=\"noreferrer noopener\">Art Meets Education<\/a><\/strong><\/li>\n<\/ul>\n<\/div>\n<\/div>\n\n\n\n<div style=\"height:0px\" aria-hidden=\"true\" class=\"wp-block-spacer wp-container-content-28f0cd9b\"><\/div>\n<\/div>\n\n\n\n<figure class=\"wp-block-image size-full\"><img loading=\"lazy\" decoding=\"async\" width=\"800\" height=\"480\" src=\"https:\/\/fotofest.blickwinkel-magazin.de\/wp-content\/uploads\/2025\/05\/blickwinkel-website-fest-fotos25.png\" alt=\"\" class=\"wp-image-102\" srcset=\"https:\/\/fotofest.blickwinkel-magazin.de\/wp-content\/uploads\/2025\/05\/blickwinkel-website-fest-fotos25.png 800w, https:\/\/fotofest.blickwinkel-magazin.de\/wp-content\/uploads\/2025\/05\/blickwinkel-website-fest-fotos25-300x180.png 300w, https:\/\/fotofest.blickwinkel-magazin.de\/wp-content\/uploads\/2025\/05\/blickwinkel-website-fest-fotos25-768x461.png 768w\" sizes=\"auto, (max-width: 800px) 100vw, 800px\" \/><\/figure>\n<\/div><\/div>\n\n\n\n<div class=\"wp-block-media-text alignfull has-media-on-the-right is-stacked-on-mobile is-vertically-aligned-center is-style-default has-background\" style=\"background-color:#cfd310;grid-template-columns:auto 56%\"><div class=\"wp-block-media-text__content\">\n<h2 class=\"wp-block-heading has-text-color\" style=\"color:#000000\"><strong>Charity Foto-Auktion<\/strong><\/h2>\n\n\n\n<p class=\"has-text-color\" style=\"color:#636363;font-size:17px;line-height:1.1\">zugunsten von Art Meets Education<\/p>\n\n\n\n<div class=\"wp-block-buttons is-layout-flex wp-block-buttons-is-layout-flex\">\n<div class=\"wp-block-button\"><a class=\"wp-block-button__link has-background wp-element-button\" href=\"https:\/\/fotofest.blickwinkel-magazin.de\/?page_id=121\" style=\"border-radius:0px;background-color:#152124\">ALLE INFOS ZUR AUKTION<\/a><\/div>\n<\/div>\n<\/div><figure class=\"wp-block-media-text__media\"><img loading=\"lazy\" decoding=\"async\" width=\"1024\" height=\"683\" src=\"https:\/\/fotofest.blickwinkel-magazin.de\/wp-content\/uploads\/2025\/05\/Kevin-Wolf-1024x683.jpg\" alt=\"\" class=\"wp-image-141 size-full\" srcset=\"https:\/\/fotofest.blickwinkel-magazin.de\/wp-content\/uploads\/2025\/05\/Kevin-Wolf-1024x683.jpg 1024w, https:\/\/fotofest.blickwinkel-magazin.de\/wp-content\/uploads\/2025\/05\/Kevin-Wolf-300x200.jpg 300w, https:\/\/fotofest.blickwinkel-magazin.de\/wp-content\/uploads\/2025\/05\/Kevin-Wolf-768x512.jpg 768w, https:\/\/fotofest.blickwinkel-magazin.de\/wp-content\/uploads\/2025\/05\/Kevin-Wolf.jpg 1200w\" sizes=\"auto, (max-width: 1024px) 100vw, 1024px\" \/><\/figure><\/div>\n\n\n\n<p><\/p>\n\n\n\n<div style=\"height:30px\" aria-hidden=\"true\" class=\"wp-block-spacer\"><\/div>\n\n\n\n<h1 class=\"wp-block-heading has-text-align-center\">Aktuelle Ausgabe<\/h1>\n\n\n\n<h2 class=\"wp-block-heading has-text-align-center\">Schmackofatz<\/h2>\n\n\n\n<p>Dies ist die siebte Ausgabe des Blickwinkel Magazins f\u00fcr Fotografie. Freut euch auf visuelle Leckerbissen, \u00fcberraschende Perspektiven und jede Menge fotografische Gaumenfreuden. Auf 152 Seiten werden Food-Fotografie, Esskultur oder kreative Interpretationen des Themas pr\u00e4sentiert. In diesem kostenlosen ePaper bekommst du einen Vorgeschmack davon, was dich erwartet.<\/p>\n\n\n\n<p><code><div class=\"_3d-flip-book  fb3d-fullscreen-mode full-size\" data-id=\"111\" data-mode=\"fullscreen\" data-title=\"false\" data-template=\"short-white-book-view\" data-lightbox=\"dark-shadow\" data-urlparam=\"fb3d-page\" data-page-n=\"0\" data-pdf=\"\" data-tax=\"null\" data-thumbnail=\"\" data-cols=\"3\" data-book-template=\"default\"><\/div><script type=\"text\/javascript\">window.FB3D_CLIENT_DATA = window.FB3D_CLIENT_DATA || [];window.FB3D_CLIENT_DATA.push('eyJwb3N0cyI6eyIxMTEiOnsiSUQiOjExMSwidGl0bGUiOiJTY2htYWNrb2ZhdHoiLCJ0eXBlIjoicGRmIiwicmVhZHlfZnVuY3Rpb24iOiIiLCJib29rX3N0eWxlIjoidm9sdW1lLXVucm9sbGluZyIsImJvb2tfdGVtcGxhdGUiOiJub25lIiwib3V0bGluZSI6W10sImRhdGEiOnsicG9zdF9JRCI6IjExMiIsImd1aWQiOiJodHRwczpcL1wvZm90b2Zlc3QuYmxpY2t3aW5rZWwtbWFnYXppbi5kZVwvd3AtY29udGVudFwvdXBsb2Fkc1wvMjAyNVwvMDVcL0ZSRUUtZVBhcGVyLUJsaWNrd2lua2VsLTAwNy1TY2htYWNrb2ZhdHoucGRmIiwicGRmX3BhZ2VzIjoiODgiLCJwYWdlc19jdXN0b21pemF0aW9uIjoibm9uZSJ9LCJ0aHVtYm5haWwiOnsiZGF0YSI6eyJwb3N0X0lEIjoiMCJ9LCJ0eXBlIjoiYXV0byJ9LCJwcm9wcyI6eyJiYWNrZ3JvdW5kQ29sb3IiOiJhdXRvIiwiYmFja2dyb3VuZEltYWdlIjoiYXV0byIsImJhY2tncm91bmRTdHlsZSI6ImF1dG8iLCJoaWdobGlnaHRMaW5rcyI6ImF1dG8iLCJsaWdodGluZyI6ImF1dG8iLCJjYWNoZWRQYWdlcyI6ImF1dG8iLCJyZW5kZXJJbmFjdGl2ZVBhZ2VzIjoiYXV0byIsInJlbmRlckluYWN0aXZlUGFnZXNPbk1vYmlsZSI6ImF1dG8iLCJyZW5kZXJXaGlsZUZsaXBwaW5nIjoiYXV0byIsInByZWxvYWRQYWdlcyI6ImF1dG8iLCJhdXRvUGxheUR1cmF0aW9uIjoiYXV0byIsInJ0bCI6ImF1dG8iLCJpbnRlcmFjdGl2ZUNvcm5lcnMiOiJhdXRvIiwibWF4RGVwdGgiOiJhdXRvIiwic2hlZXQiOnsic3RhcnRWZWxvY2l0eSI6ImF1dG8iLCJ3YXZlIjoiYXV0byIsInNoYXBlIjoiYXV0byIsIndpZHRoVGV4ZWxzIjoiYXV0byIsImNvbG9yIjoiYXV0byIsInNpZGUiOiJhdXRvIiwiY29ybmVyRGV2aWF0aW9uIjoiYXV0byIsImZsZXhpYmlsaXR5IjoiYXV0byIsImZsZXhpYmxlQ29ybmVyIjoiYXV0byIsImJlbmRpbmciOiJhdXRvIiwiaGVpZ2h0VGV4ZWxzIjoiYXV0byJ9LCJjb3ZlciI6eyJ3YXZlIjoiYXV0byIsImNvbG9yIjoiYXV0byIsInNpZGUiOiJhdXRvIiwiYmluZGVyVGV4dHVyZSI6ImF1dG8iLCJkZXB0aCI6ImF1dG8iLCJwYWRkaW5nIjoiYXV0byIsInN0YXJ0VmVsb2NpdHkiOiJhdXRvIiwiZmxleGliaWxpdHkiOiJhdXRvIiwiZmxleGlibGVDb3JuZXIiOiJhdXRvIiwiYmVuZGluZyI6ImF1dG8iLCJ3aWR0aFRleGVscyI6ImF1dG8iLCJoZWlnaHRUZXhlbHMiOiJhdXRvIiwibWFzcyI6ImF1dG8iLCJzaGFwZSI6ImF1dG8ifSwicGFnZSI6eyJ3YXZlIjoiYXV0byIsImNvbG9yIjoiYXV0byIsInNpZGUiOiJhdXRvIiwiZGVwdGgiOiJhdXRvIiwic3RhcnRWZWxvY2l0eSI6ImF1dG8iLCJmbGV4aWJpbGl0eSI6ImF1dG8iLCJmbGV4aWJsZUNvcm5lciI6ImF1dG8iLCJiZW5kaW5nIjoiYXV0byIsIndpZHRoVGV4ZWxzIjoiYXV0byIsImhlaWdodFRleGVscyI6ImF1dG8iLCJtYXNzIjoiYXV0byIsInNoYXBlIjoiYXV0byJ9LCJoZWlnaHQiOiJhdXRvIiwid2lkdGgiOiJhdXRvIiwiZ3Jhdml0eSI6ImF1dG8iLCJwYWdlc0ZvclByZWRpY3RpbmciOiJhdXRvIn0sImNvbnRyb2xQcm9wcyI6eyJhY3Rpb25zIjp7ImNtZFRvYyI6eyJlbmFibGVkIjoiYXV0byIsImVuYWJsZWRJbk5hcnJvdyI6ImF1dG8iLCJhY3RpdmUiOiJhdXRvIiwiZGVmYXVsdFRhYiI6ImF1dG8ifSwiY21kQXV0b1BsYXkiOnsiZW5hYmxlZCI6ImF1dG8iLCJlbmFibGVkSW5OYXJyb3ciOiJhdXRvIiwiYWN0aXZlIjoiYXV0byJ9LCJjbWRTYXZlIjp7ImVuYWJsZWQiOiJhdXRvIiwiZW5hYmxlZEluTmFycm93IjoiYXV0byJ9LCJjbWRQcmludCI6eyJlbmFibGVkIjoiYXV0byIsImVuYWJsZWRJbk5hcnJvdyI6ImF1dG8ifSwiY21kU2luZ2xlUGFnZSI6eyJlbmFibGVkIjoiYXV0byIsImVuYWJsZWRJbk5hcnJvdyI6ImF1dG8iLCJhY3RpdmUiOiJhdXRvIiwiYWN0aXZlRm9yTW9iaWxlIjoiYXV0byJ9LCJ3aWRUb29sYmFyIjp7ImVuYWJsZWQiOiJhdXRvIiwiZW5hYmxlZEluTmFycm93IjoiYXV0byJ9fX0sImF1dG9UaHVtYm5haWwiOiJodHRwczpcL1wvZm90b2Zlc3QuYmxpY2t3aW5rZWwtbWFnYXppbi5kZVwvd3AtY29udGVudFwvdXBsb2Fkc1wvM2QtZmxpcC1ib29rXC9hdXRvLXRodW1ibmFpbHNcLzExMS5wbmciLCJwb3N0X25hbWUiOiJzY2htYWNrb2ZhdHoiLCJwb3N0X3R5cGUiOiIzZC1mbGlwLWJvb2sifX0sInBhZ2VzIjpbXSwiZmlyc3RQYWdlcyI6W119');window.FB3D_CLIENT_LOCALE && window.FB3D_CLIENT_LOCALE.render();<\/script><\/code><\/p>\n\n\n\n<div style=\"height:50px\" aria-hidden=\"true\" class=\"wp-block-spacer\"><\/div>\n\n\n\n<div class=\"wp-block-group alignfull has-text-color has-background\" style=\"color:#000000;background-color:#1e2629\"><div class=\"wp-block-group__inner-container is-layout-flow wp-block-group-is-layout-flow\">\n<div style=\"height:64px\" aria-hidden=\"true\" class=\"wp-block-spacer\"><\/div>\n\n\n\n<p class=\"has-text-align-center has-background-color has-text-color has-link-color has-small-font-size wp-elements-c320a6d228847dbb7fcff1000ba7450a\" style=\"line-height:.9\"><strong>Noch mehr Blickwinkel Magazin<\/strong><\/p>\n\n\n\n<h2 class=\"wp-block-heading has-text-align-center has-background-color has-text-color has-link-color wp-elements-e1cfe7e1664b9f4c74b1af6a61502151\" id=\"schedule-a-visit\" style=\"font-size:59px;line-height:1.15\"><strong>Besucht auch unsere Magazin-Website<\/strong><\/h2>\n\n\n\n<div class=\"wp-block-buttons is-horizontal is-content-justification-center is-layout-flex wp-container-core-buttons-is-layout-499968f5 wp-block-buttons-is-layout-flex\">\n<div class=\"wp-block-button has-custom-width wp-block-button__width-50\"><a class=\"wp-block-button__link has-background-background-color has-text-color has-background wp-element-button\" href=\"https:\/\/blickwinkel-magazin.de\/\" style=\"border-radius:50px;color:#1e2629\">Zur Magazin-Website<\/a><\/div>\n<\/div>\n\n\n\n<div style=\"height:64px\" aria-hidden=\"true\" class=\"wp-block-spacer\"><\/div>\n<\/div><\/div>\n","protected":false},"excerpt":{"rendered":"<p>Rein ins echte Foto-Leben. Weil Fotos live angucken, f\u00fchlen, und sich mit den Menschen dahinter treffen, einfach sch\u00f6ner ist als nur digital.Egal ob ihr selbst fotografiert, einfach Lust auf Kultur habt oder mal was neues sehen m\u00f6chtet: Kommt vorbei und verbringt ein bisschen Zeit mit der Kunst. Unser kleines, feines Foto Fest h\u00e4lt ausgew\u00e4hlte Programmpunkte<a class=\"more-link\" href=\"https:\/\/fotofest.blickwinkel-magazin.de\/\">Continue reading <\/a><\/p>\n","protected":false},"author":1,"featured_media":0,"parent":0,"menu_order":0,"comment_status":"closed","ping_status":"closed","template":"","meta":{"footnotes":""},"class_list":["post-11","page","type-page","status-publish","hentry","entry"],"_links":{"self":[{"href":"https:\/\/fotofest.blickwinkel-magazin.de\/index.php?rest_route=\/wp\/v2\/pages\/11","targetHints":{"allow":["GET"]}}],"collection":[{"href":"https:\/\/fotofest.blickwinkel-magazin.de\/index.php?rest_route=\/wp\/v2\/pages"}],"about":[{"href":"https:\/\/fotofest.blickwinkel-magazin.de\/index.php?rest_route=\/wp\/v2\/types\/page"}],"author":[{"embeddable":true,"href":"https:\/\/fotofest.blickwinkel-magazin.de\/index.php?rest_route=\/wp\/v2\/users\/1"}],"replies":[{"embeddable":true,"href":"https:\/\/fotofest.blickwinkel-magazin.de\/index.php?rest_route=%2Fwp%2Fv2%2Fcomments&post=11"}],"version-history":[{"count":67,"href":"https:\/\/fotofest.blickwinkel-magazin.de\/index.php?rest_route=\/wp\/v2\/pages\/11\/revisions"}],"predecessor-version":[{"id":147,"href":"https:\/\/fotofest.blickwinkel-magazin.de\/index.php?rest_route=\/wp\/v2\/pages\/11\/revisions\/147"}],"wp:attachment":[{"href":"https:\/\/fotofest.blickwinkel-magazin.de\/index.php?rest_route=%2Fwp%2Fv2%2Fmedia&parent=11"}],"curies":[{"name":"wp","href":"https:\/\/api.w.org\/{rel}","templated":true}]}}